
{"id":739,"date":"2026-02-24T16:38:47","date_gmt":"2026-02-24T14:38:47","guid":{"rendered":"https:\/\/www.cillieres2026.fr\/?page_id=739"},"modified":"2026-02-24T16:46:50","modified_gmt":"2026-02-24T14:46:50","slug":"charte","status":"publish","type":"page","link":"https:\/\/www.cillieres2026.fr\/index.php\/charte\/","title":{"rendered":"La charte d&rsquo;engagement des \u00e9lu-es de la majorit\u00e9"},"content":{"rendered":"\n<div class=\"wp-block-media-text is-stacked-on-mobile is-vertically-aligned-top\" style=\"grid-template-columns:15% auto\"><figure class=\"wp-block-media-text__media\"><\/figure><div class=\"wp-block-media-text__content\">\n<p>Chaque candidat-e s\u2019engage pour la dur\u00e9e du mandat \u00e0 respecter une \u00e9thique et une d\u00e9ontologie autour de plusieurs exigences, \u00e0 retrouver dans cette charte sign\u00e9e par les 43 candidat-es de la liste conduite par H\u00e9l\u00e8ne Cilli\u00e8res.<\/p>\n\n\n\n<div data-wp-interactive=\"core\/file\" class=\"wp-block-file\"><object data-wp-bind--hidden=\"!state.hasPdfPreview\" hidden class=\"wp-block-file__embed\" data=\"https:\/\/www.cillieres2026.fr\/wp-content\/uploads\/2026\/02\/Charte-engagement-2026.2032-1.pdf\" type=\"application\/pdf\" style=\"width:100%;height:600px\" aria-label=\"Contenu embarqu\u00e9 Charte engagement 2026.2032.\"><\/object><a id=\"wp-block-file--media-808ee066-f869-4254-8809-ece53b7eb66d\" href=\"https:\/\/www.cillieres2026.fr\/wp-content\/uploads\/2026\/02\/Charte-engagement-2026.2032-1.pdf\">Charte engagement 2026.2032<\/a><a href=\"https:\/\/www.cillieres2026.fr\/wp-content\/uploads\/2026\/02\/Charte-engagement-2026.2032-1.pdf\" class=\"wp-block-file__button wp-element-button\" download aria-describedby=\"wp-block-file--media-808ee066-f869-4254-8809-ece53b7eb66d\">T\u00e9l\u00e9charger<\/a><\/div>\n<\/div><\/div>\n","protected":false},"excerpt":{"rendered":"","protected":false},"author":6,"featured_media":0,"parent":0,"menu_order":0,"comment_status":"closed","ping_status":"closed","template":"","meta":{"footnotes":""},"class_list":["post-739","page","type-page","status-publish","hentry"],"_links":{"self":[{"href":"https:\/\/www.cillieres2026.fr\/index.php\/wp-json\/wp\/v2\/pages\/739","targetHints":{"allow":["GET"]}}],"collection":[{"href":"https:\/\/www.cillieres2026.fr\/index.php\/wp-json\/wp\/v2\/pages"}],"about":[{"href":"https:\/\/www.cillieres2026.fr\/index.php\/wp-json\/wp\/v2\/types\/page"}],"author":[{"embeddable":true,"href":"https:\/\/www.cillieres2026.fr\/index.php\/wp-json\/wp\/v2\/users\/6"}],"replies":[{"embeddable":true,"href":"https:\/\/www.cillieres2026.fr\/index.php\/wp-json\/wp\/v2\/comments?post=739"}],"version-history":[{"count":4,"href":"https:\/\/www.cillieres2026.fr\/index.php\/wp-json\/wp\/v2\/pages\/739\/revisions"}],"predecessor-version":[{"id":747,"href":"https:\/\/www.cillieres2026.fr\/index.php\/wp-json\/wp\/v2\/pages\/739\/revisions\/747"}],"wp:attachment":[{"href":"https:\/\/www.cillieres2026.fr\/index.php\/wp-json\/wp\/v2\/media?parent=739"}],"curies":[{"name":"wp","href":"https:\/\/api.w.org\/{rel}","templated":true}]}}