
{"id":750,"date":"2026-02-24T16:49:16","date_gmt":"2026-02-24T14:49:16","guid":{"rendered":"https:\/\/www.cillieres2026.fr\/?page_id=750"},"modified":"2026-02-24T16:51:59","modified_gmt":"2026-02-24T14:51:59","slug":"helene-cillieres","status":"publish","type":"page","link":"https:\/\/www.cillieres2026.fr\/index.php\/helene-cillieres\/","title":{"rendered":"H\u00e9l\u00e8ne Cilli\u00e8res"},"content":{"rendered":"\n<p>Interview de pr\u00e9sentation d&rsquo;H\u00e9l\u00e8ne Cilli\u00e8res, notre candidate pour Bagneux<\/p>\n\n\n\n<p><\/p>\n\n\n\n<p><\/p>\n\n\n\n<p><strong>Bonjour H\u00e9l\u00e8ne, vous \u00eates connue des habitant.e.s, mais ils ou elles connaissent moins votre histoire&nbsp;? Comment commence-t-elle&nbsp;?<\/strong><\/p>\n\n\n\n<p>Je viens du Lot-et-Garonne, d\u2019une famille d\u2019agriculteurs. J&rsquo;en garde un attachement visc\u00e9ral au monde agricole aujourd&rsquo;hui si malmen\u00e9. L&rsquo;indignation que j&rsquo;ai ressentie quand ma famille a d\u00fb arr\u00eater cette activit\u00e9, elle me reste au c\u0153ur.<\/p>\n\n\n\n<p>J\u2019ai eu 20 ans en 2000, de cette g\u00e9n\u00e9ration qui a connu d\u2019\u00e9normes bouleversements. La fin du minitel, les premiers ordinateurs, les t\u00e9l\u00e9phones portables\u2026 Quand je parle de tout \u00e7a avec les plus jeunes de ma famille, ils ne croient pas que j\u2019ai connu le monde sans internet. Ni d\u2019ailleurs que je joue aux jeux vid\u00e9os depuis plus de 30 ans !<\/p>\n\n\n\n<p><strong>Quand \u00eates-vous arriv\u00e9e en r\u00e9gion parisienne&nbsp;?<\/strong><\/p>\n\n\n\n<p>J&rsquo;y suis arriv\u00e9e \u00e0 18 ans, apr\u00e8s mon Bac, pour mes \u00e9tudes. Une fois ma th\u00e8se obtenue, j\u2019ai d\u00fb renoncer \u00e0 une carri\u00e8re universitaire, faute de poste et de perspective professionnelle.<\/p>\n\n\n\n<p>Comme, h\u00e9las, beaucoup de jeunes, j&rsquo;ai connu la gal\u00e8re des travails pr\u00e9caires. Tout cela a confort\u00e9 mon choix, d\u00e8s le non au trait\u00e9 constitutionnel europ\u00e9en, de m\u2019engager. J\u2019ai adh\u00e9r\u00e9 au Parti communiste fran\u00e7ais.<\/p>\n\n\n\n<p>J\u2019\u00e9tais par ailleurs investie dans la cr\u00e9ation d\u2019une AMAP (Association pour le Maintien d\u2019une Agriculture Paysanne) \u00e0 Montrouge. Un lien avec le monde agricole.<\/p>\n\n\n\n<p>Investie aussi sur les questions de sant\u00e9, pour que les femmes, qui ont des pathologies sp\u00e9cifiques comme moi avec l&rsquo;endom\u00e9triose, puissent vivre sans souffrir et \u00eatre bien soign\u00e9es.<\/p>\n\n\n\n<p>Enfin\u2026 j\u2019ai trouv\u00e9 un vrai travail o\u00f9 mes comp\u00e9tences ont int\u00e9ress\u00e9. Je suis devenue collaboratrice avec plusieurs parlementaires du d\u00e9partement. Une riche exp\u00e9rience.<\/p>\n\n\n\n<p><strong>Et Bagneux&nbsp;?<\/strong><\/p>\n\n\n\n<p>J\u2019habite Bagneux depuis 2013, dans le quartier L\u00e9o Ferr\u00e9.<\/p>\n\n\n\n<p>Mon premier souvenir \u00e0 Bagneux est fort. Une f\u00eate \u00e0 la plaine Thorez, avec des milliers de personnes, dans une ambiance chaleureuse&nbsp;: je n\u2019avais jamais vu \u00e7a avant. \u00c7a m\u2019a marqu\u00e9e : Bagneux pour moi, c\u2019est d\u2019abord la convivialit\u00e9, la joie d\u2019\u00eatre ensemble.<\/p>\n\n\n\n<p>Vous connaissez la suite. J\u2019ai rejoint l\u2019\u00e9quipe municipale de Marie-H\u00e9l\u00e8ne Amiable en 2014.&nbsp; Puis en 2021, \u00e0 sa suite et sur sa proposition, j\u2019ai \u00e9t\u00e9 \u00e9lue Conseill\u00e8re d\u00e9partementale.<\/p>\n\n\n\n<p>Face \u00e0 la droite, j\u2019ai bataill\u00e9 pas \u00e0 pas, avec notre Maire. Nous avons obtenu d\u2019importants moyens du D\u00e9partement pour nos quartiers et les projets de notre ville.<\/p>\n\n\n\n<p>Des succ\u00e8s qui en appellent d\u2019autres\u2026 Mais cela, comme on dit&nbsp;! c\u2019est un autre \u00e9pisode \u00e0 venir.&nbsp;<\/p>\n","protected":false},"excerpt":{"rendered":"<p>Interview de pr\u00e9sentation d&rsquo;H\u00e9l\u00e8ne Cilli\u00e8res, notre candidate pour Bagneux Bonjour H\u00e9l\u00e8ne, vous \u00eates connue des habitant.e.s, mais ils ou elles connaissent moins votre histoire&nbsp;? Comment commence-t-elle&nbsp;? Je viens du Lot-et-Garonne, d\u2019une famille d\u2019agriculteurs. J&rsquo;en garde un attachement visc\u00e9ral au monde agricole aujourd&rsquo;hui si malmen\u00e9. L&rsquo;indignation que j&rsquo;ai ressentie quand ma famille a d\u00fb arr\u00eater cette &hellip; <\/p>\n<p class=\"link-more\"><a href=\"https:\/\/www.cillieres2026.fr\/index.php\/helene-cillieres\/\" class=\"more-link\">Continue reading<span class=\"screen-reader-text\"> \u00ab\u00a0H\u00e9l\u00e8ne Cilli\u00e8res\u00a0\u00bb<\/span><\/a><\/p>\n","protected":false},"author":6,"featured_media":752,"parent":0,"menu_order":0,"comment_status":"closed","ping_status":"closed","template":"","meta":{"footnotes":""},"class_list":["post-750","page","type-page","status-publish","has-post-thumbnail","hentry"],"_links":{"self":[{"href":"https:\/\/www.cillieres2026.fr\/index.php\/wp-json\/wp\/v2\/pages\/750","targetHints":{"allow":["GET"]}}],"collection":[{"href":"https:\/\/www.cillieres2026.fr\/index.php\/wp-json\/wp\/v2\/pages"}],"about":[{"href":"https:\/\/www.cillieres2026.fr\/index.php\/wp-json\/wp\/v2\/types\/page"}],"author":[{"embeddable":true,"href":"https:\/\/www.cillieres2026.fr\/index.php\/wp-json\/wp\/v2\/users\/6"}],"replies":[{"embeddable":true,"href":"https:\/\/www.cillieres2026.fr\/index.php\/wp-json\/wp\/v2\/comments?post=750"}],"version-history":[{"count":2,"href":"https:\/\/www.cillieres2026.fr\/index.php\/wp-json\/wp\/v2\/pages\/750\/revisions"}],"predecessor-version":[{"id":755,"href":"https:\/\/www.cillieres2026.fr\/index.php\/wp-json\/wp\/v2\/pages\/750\/revisions\/755"}],"wp:featuredmedia":[{"embeddable":true,"href":"https:\/\/www.cillieres2026.fr\/index.php\/wp-json\/wp\/v2\/media\/752"}],"wp:attachment":[{"href":"https:\/\/www.cillieres2026.fr\/index.php\/wp-json\/wp\/v2\/media?parent=750"}],"curies":[{"name":"wp","href":"https:\/\/api.w.org\/{rel}","templated":true}]}}